{"id":5727,"date":"2015-04-04T11:33:32","date_gmt":"2015-04-04T09:33:32","guid":{"rendered":"http:\/\/webschritt.com\/orchidee\/datenschutzbelehrung\/"},"modified":"2015-04-04T11:33:32","modified_gmt":"2015-04-04T09:33:32","slug":"kosmetik-beratung-erding-datenschutzbelehrung","status":"publish","type":"page","link":"https:\/\/www.my-orchidee.de\/de\/kosmetik-beratung-erding-datenschutzbelehrung\/","title":{"rendered":"Datenschutzbelehrung"},"content":{"rendered":"<h1>Datenschutzrichtlinien<\/h1>\n<p>Wir freuen uns, dass Sie unsere Website besuchen und bedanken uns f\u00fcr Ihr Interesse an unserem Unternehmen und unseren Produkten. Der Schutz Ihrer Privatsph\u00e4re bei der Nutzung unserer Website ist uns wichtig. Daher nehmen Sie bitte nachstehende Informationen zur Kenntnis:<\/p>\n<p><strong><br \/>\n1.) Erhebung, Verarbeitung und Nutzung personenbezogener Daten<\/strong><\/p>\n<p>Sie k\u00f6nnen unsere Webseiten grunds\u00e4tzlich besuchen, ohne dass wir personenbezogene Daten von Ihnen erheben. Personenbezogene Daten werden nur erhoben, wenn Sie uns diese von sich aus zur Durchf\u00fchrung eines Vertrages, bei der Er\u00f6ffnung eines Kundenkontos oder im Rahmen der Kontaktaufnahme mitteilen. Diese Daten werden ohne Ihre ausdr\u00fcckliche Einwilligung jeweils allein zur Vertragsabwicklung und Bearbeitung Ihrer Anfragen genutzt. Nach vollst\u00e4ndiger Abwicklung des Vertrages werden Ihre Daten mit R\u00fccksicht auf steuer- und handelsrechtliche Aufbewahrungsfristen gespeichert, nach Ablauf dieser Fristen jedoch gel\u00f6scht.<\/p>\n<p><strong>2.) Weitergabe personenbezogener Daten<\/strong><\/p>\n<p>2.1 Die von uns erhobenen personenbezogenen Daten werden im Rahmen der Vertragsabwicklung an das mit der Lieferung beauftragte Transportunternehmen weitergegeben, soweit dies zur Lieferung der Ware erforderlich ist.<\/p>\n<p>2.2 Bei Zahlung per Kreditkarte via PayPal oder per Lastschrift via PayPal geben wir Ihre Zahlungsdaten im<br \/>\nRahmen der Zahlungsabwicklung an die PayPal (Europe) S.\u00e0 r.l. et Cie, S.C.A., 22-24 Boulevard Royal,<br \/>\nL-2449 Luxemburg, weiter. N\u00e4here Informationen zum Datenschutz der PayPal (Europe) S.\u00e0 r.l. et Cie,<br \/>\nS.C.A. finden Sie hier: <a href=\"https:\/\/cms.paypal.com\/de\/cgi-bin\/marketingweb?cmd=_render-content&amp;content_ID=ua\/Privacy_full&amp;locale.x=de_DE\">Paypal<\/a>.<\/p>\n<p><strong>3.) Cookies<\/strong><\/p>\n<p>Diese Website nutzt sogenannte \u201eCookies\u201c, welche dazu dienen, unsere Internetpr\u00e4senz insgesamt nutzerfreundlicher, effektiver sowie sicherer zu machen \u2013 etwa wenn es darum geht, das Navigieren auf unserer Website zu beschleunigen. Zudem versetzen uns Cookies in die Lage, die H\u00e4ufigkeit von Seitenaufrufen und die allgemeine Navigation zu messen. Bei Cookies handelt es sich um kleine Textdateien, die auf Ihrem Computersystem abgelegt werden. Wir weisen Sie darauf hin, dass einige dieser Cookies von unserem Server auf Ihr Computersystem \u00fcberspielt werden, wobei es sich dabei meist um so genannte \u201eSession-Cookies\u201c handelt. \u201eSession-Cookies\u201c zeichnen sich dadurch aus, dass diese automatisch nach Ende der Browser-Sitzung wieder von Ihrer Festplatte gel\u00f6scht werden. Andere Cookies verbleiben auf Ihrem Computersystem und erm\u00f6glichen es uns, Ihr Computersystem bei Ihrem n\u00e4chsten Besuch wieder zu erkennen (sog. dauerhafte Cookies). Selbstverst\u00e4ndlich k\u00f6nnen Sie Cookies jederzeit ablehnen, sofern Ihr Browser dies zul\u00e4sst. Bitte beachten Sie, dass bestimmte Funktionen dieser Website m\u00f6glicherweise nicht oder nur eingeschr\u00e4nkt genutzt werden k\u00f6nnen, wenn Ihr Browser so eingestellt ist, dass keine Cookies (unserer Website) angenommen werden.<\/p>\n<p><strong>4.) Verwendung von Facebook-Plugins<\/strong><br \/>\nAuf unserer Website werden sogenannte Social Plugins (\u201ePlugins\u201c) des sozialen Netzwerkes Facebook verwendet, das von der Facebook Inc., 1601 S. California Ave, Palo Alto, CA 94304, USA (\u201eFacebook\u201c) betrieben wird. Die Plugins sind mit einem Facebook-Logo oder dem Zusatz \u201eSoziales Plug-in von Facebook\u201c bzw. \u201eFacebook Social Plugin\u201c gekennzeichnet. Eine \u00dcbersicht \u00fcber die Facebook Plugins und deren Aussehen finden Sie hier: <a href=\"http:\/\/developers.facebook.com\/plugins\">Facebook Developer Webseite<\/a><br \/>\nWenn Sie eine Seite unseres Webauftritts aufrufen, die ein solches Plugin enth\u00e4lt, stellt Ihr Browser eine direkte Verbindung zu den Servern von Facebook her. Der Inhalt des Plugins wird von Facebook direkt an Ihren Browser \u00fcbermittelt und in die Seite eingebunden. Durch diese Einbindung erh\u00e4lt Facebook die Information, dass Ihr Browser die entsprechende Seite unseres Webauftritts aufgerufen hat, auch wenn Sie kein Facebook-Profil besitzen oder gerade nicht bei Facebook eingeloggt sind. Diese Information (einschlie\u00dflich Ihrer IP-Adresse) wird von Ihrem Browser direkt an einen Server von Facebook in die USA \u00fcbermittelt und dort gespeichert.<\/p>\n<p>Sind Sie bei Facebook eingeloggt, kann Facebook den Besuch unserer Website Ihrem Facebook-Profil unmittelbar zuordnen. Wenn Sie mit den Plugins interagieren, zum Beispiel den \u201eGef\u00e4llt mir\u201c-Button bet\u00e4tigen oder einen Kommentar abgeben, wird diese Information ebenfalls direkt an einen Server von Facebook \u00fcbermittelt und dort gespeichert. Die Informationen werden au\u00dferdem auf Ihrem Facebook- Profil ver\u00f6ffentlicht und Ihren Facebook-Freunden angezeigt.<br \/>\nZweck und Umfang der Datenerhebung und die weitere Verarbeitung und Nutzung der Daten durch Facebook sowie Ihre diesbez\u00fcglichen Rechte und Einstellungsm\u00f6glichkeiten zum Schutz Ihrer Privatsph\u00e4re entnehmen Sie bitte den <a href=\"http:\/\/www.facebook.com\/policy.php\">Datenschutzhinweisen von Facebook<\/a>: http:\/\/www.facebook.com\/policy.php<\/p>\n<p>Wenn Sie nicht m\u00f6chten, dass Facebook die \u00fcber unseren Webauftritt gesammelten Daten unmittelbar Ihrem Facebook-Profil zuordnet, m\u00fcssen Sie sich vor Ihrem Besuch unserer Website bei Facebook ausloggen. Sie k\u00f6nnen das Laden der Facebook Plugins auch mit Add-Ons f\u00fcr Ihren Browser komplett verhindern, z.B. mit dem \u201e<a href=\"http:\/\/webgraph.com\/resources\/facebookblocker\/\">Facebook Blocker<\/a>\u201c (http:\/\/webgraph.com\/resources\/facebookblocker\/).<\/p>\n<p><strong>5.) Verwendung der Google-\u201e+1\u201c-Schaltfl\u00e4che<\/strong><\/p>\n<p>Auf unserer Website werden sogenannte Social Plugins (\u201ePlugins\u201c) des sozialen Netzwerkes Google+ verwendet, das von der Google Inc., 1600 Amphitheatre Parkway, Mountain View, CA 94043, USA (\u201eGoogle\u201c) betrieben wird. Die Plugins sind z. B. an Buttons mit dem Zeichen \u201e+1\u201c auf wei\u00dfem oder farbigem Hintergrund erkennbar. Eine \u00dcbersicht \u00fcber die Google Plugins und deren Aussehen finden Sie hier: \u00a0<a href=\"https:\/\/developers.google.com\/+\/plugins\">Google Developer<\/a>s \u00a0(https:\/\/developers.google.com\/+\/plugins)<\/p>\n<p>Wenn Sie eine Seite unseres Webauftritts aufrufen, die ein solches Plugin enth\u00e4lt, stellt Ihr Browser eine direkte Verbindung zu den Servern von Google her. Der Inhalt des Plugins wird von Google direkt an Ihren Browser \u00fcbermittelt und in die Seite eingebunden. Durch die Einbindung erh\u00e4lt Google die Information, dass Ihr Browser die entsprechende Seite unseres Webauftritts aufgerufen hat, auch wenn Sie kein Profil bei Google+ besitzen oder gerade nicht bei Google+ eingeloggt sind. Diese Information (einschlie\u00dflich Ihrer IP-Adresse) wird von Ihrem Browser direkt an einen Server von Google in die USA \u00fcbermittelt und dort gespeichert.<\/p>\n<p>Sind Sie bei Google+ eingeloggt, kann Google den Besuch unserer Website Ihrem Google+ Profil unmittelbar zuordnen. Wenn Sie mit den Plugins interagieren, zum Beispiel den \u201e+1\u201c-Button bet\u00e4tigen, wird die entsprechende Information ebenfalls direkt an einen Server von Google \u00fcbermittelt und dort gespeichert. Die Informationen werden au\u00dferdem auf Google+ ver\u00f6ffentlicht und dort Ihren Kontakten angezeigt.<\/p>\n<p>Zweck und Umfang der Datenerhebung und die weitere Verarbeitung und Nutzung der Daten durch Google sowie Ihre diesbez\u00fcglichen Rechte und Einstellungsm\u00f6glichkeiten zum Schutz Ihrer Privatsph\u00e4re entnehmen Sie bitte den <a href=\"http:\/\/www.google.com\/intl\/de\/+\/policy\/+1button.html\">Datenschutzhinweisen von Google<\/a>: http:\/\/www.google.com\/intl\/de\/+\/policy\/+1button.html<br \/>\nWenn Sie nicht m\u00f6chten, dass Google die \u00fcber unseren Webauftritt gesammelten Daten unmittelbar Ihrem Profil auf Google+ zuordnet, m\u00fcssen Sie sich vor Ihrem Besuch unserer Website bei Google+ ausloggen. Sie k\u00f6nnen das Laden der Google Plugins auch mit Add-Ons f\u00fcr Ihren Browser komplett verhindern, z. B. mit dem <a href=\"http:\/\/noscript.net\/\">Skript-Blocker<\/a> \u201eNoScript\u201c (http:\/\/noscript.net\/).<\/p>\n<p><strong>6.) Verwendung von Twitter-Plugins<\/strong><br \/>\nAuf unserer Website werden sogenannte Social Plugins (\u201ePlugins\u201c) des Mikroblogging-Dienstes Twitter verwendet, der von der Twitter Inc., 1355 Market St, Suite 900, San Francisco, CA 94103, USA (\u201eTwitter\u201c) betrieben wird. Die Plugins sind mit einem Twitter-Logo beispielsweise in Form eines blauen \u201eTwitter- Vogels\u201c gekennzeichnet. Eine \u00dcbersicht \u00fcber die Twitter Plugins und deren Aussehen finden Sie hier: <a href=\"https:\/\/twitter.com\/about\/resources\/buttons\">Twitter Plugins<\/a><\/p>\n<p>Wenn Sie eine Seite unseres Webauftritts aufrufen, die ein solches Plugin enth\u00e4lt, stellt Ihr Browser eine direkte Verbindung zu den Servern von Twitter her. Der Inhalt des Plugins wird von Twitter direkt an Ihren Browser \u00fcbermittelt und in die Seite eingebunden. Durch die Einbindung erh\u00e4lt Twitter die Information, dass Ihr Browser die entsprechende Seite unseres Webauftritts aufgerufen hat, auch wenn Sie kein Profil bei Twitter besitzen oder gerade nicht bei Twitter eingeloggt sind. Diese Information (einschlie\u00dflich Ihrer IP-Adresse) wird von Ihrem Browser direkt an einen Server von Twitter in die USA \u00fcbermittelt und dort gespeichert.<\/p>\n<p>Sind Sie bei Twitter eingeloggt, kann Twitter den Besuch unserer Website Ihrem Twitter-Account unmittelbar zuordnen. Wenn Sie mit den Plugins interagieren, zum Beispiel den \u201eTwittern\u201c-Button bet\u00e4tigen, wird die entsprechende Information ebenfalls direkt an einen Server von Twitter \u00fcbermittelt und dort gespeichert. Die Informationen werden au\u00dferdem auf Ihrem Twitter-Account ver\u00f6ffentlicht und dort Ihren Kontakten angezeigt.<br \/>\nZweck und Umfang der Datenerhebung und die weitere Verarbeitung und Nutzung der Daten durch Twitter sowie Ihre diesbez\u00fcglichen Rechte und Einstellungsm\u00f6glichkeiten zum Schutz Ihrer Privatsph\u00e4re entnehmen Sie bitte den <a href=\"https:\/\/twitter.com\/privacy\">Datenschutzhinweisen von Twitter<\/a>: https:\/\/twitter.com\/privacy<br \/>\nWenn Sie nicht m\u00f6chten, dass Twitter die \u00fcber unseren Webauftritt gesammelten Daten unmittelbar Ihrem Twitter-Account zuordnet, m\u00fcssen Sie sich vor Ihrem Besuch unserer Website bei Twitter ausloggen. Sie k\u00f6nnen das Laden der Twitter Plugins auch mit Add-Ons f\u00fcr Ihren Browser komplett verhindern, z. B. mit dem Skript-Blocker \u201e<a href=\"http:\/\/noscript.net\/\">NoScript<\/a>\u201c (http:\/\/noscript.net\/).<br \/>\n<strong>7.) Google Analytics\/Webanalysedienst<\/strong><\/p>\n<p>Diese Website benutzt Google Analytics, einen Webanalysedienst der Google Inc. (\u201eGoogle\u201c). Google Analytics verwendet sog. \u201eCookies\u201c, Textdateien, die auf Ihrem Computer gespeichert werden und die eine Analyse der Benutzung der Website durch Sie erm\u00f6glichen. Die durch den Cookie erzeugten Informationen \u00fcber Ihre Benutzung dieser Website werden in der Regel an einen Server von Google in den USA \u00fcbertragen und dort gespeichert.<br \/>\nIm Falle der Aktivierung der IP-Anonymisierung auf dieser Webseite, wird Ihre IP-Adresse von Google jedoch innerhalb von Mitgliedstaaten der Europ\u00e4ischen Union oder in anderen Vertragsstaaten des Abkommens \u00fcber den Europ\u00e4ischen Wirtschaftsraum zuvor gek\u00fcrzt. Nur in Ausnahmef\u00e4llen wird die volle IP-Adresse an einen Server von Google in den USA \u00fcbertragen und dort gek\u00fcrzt. Im Auftrag des Betreibers dieser Website wird Google diese Informationen benutzen, um Ihre Nutzung der Website auszuwerten, um Reports \u00fcber die Websiteaktivit\u00e4ten zusammenzustellen und um weitere mit der Websitenutzung und der Internetnutzung verbundene Dienstleistungen gegen\u00fcber dem Websitebetreiber zu erbringen.<br \/>\nDie im Rahmen von Google Analytics von Ihrem Browser \u00fcbermittelte IP-Adresse wird nicht mit anderen Daten von Google zusammengef\u00fchrt. Sie k\u00f6nnen die Speicherung der Cookies durch eine entsprechende Einstellung Ihrer Browser-Software verhindern; wir weisen Sie jedoch darauf hin, dass Sie in diesem Fall gegebenenfalls nicht s\u00e4mtliche Funktionen dieser Website vollumf\u00e4nglich werden nutzen k\u00f6nnen. Sie k\u00f6nnen dar\u00fcber hinaus die Erfassung der durch das Cookie erzeugten und auf Ihre Nutzung der Website bezogenen Daten (inkl. Ihrer IP-Adresse) an Google sowie die Verarbeitung dieser Daten durch Google verhindern, indem Sie das unter dem folgenden Link verf\u00fcgbare Browser-Plugin herunterladen und installieren: <a href=\"http:\/\/tools.google.com\/dlpage\/gaoptout?hl=de\">Browser Plugins<\/a><br \/>\nEs wird darauf hingewiesen, dass diese Website Google Analytics mit der Erweiterung \u201e_anonymizeIp()\u201c verwendet und daher IP-Adressen nur gek\u00fcrzt weiterverarbeitet werden, um eine direkte Personen Beziehbarkeit auszuschlie\u00dfen.<\/p>\n<p><strong>8.) Informationen zu den Rechten des Kunden und Kontakte<br \/>\n<\/strong><br \/>\nSie haben ein Recht auf unentgeltliche Auskunft \u00fcber Ihre gespeicherten Daten sowie ggf. ein Recht auf Berichtigung, Sperrung oder L\u00f6schung dieser Daten. Wenn Sie weitere Fragen zur Erhebung, Verarbeitung oder Nutzung Ihrer personenbezogenen Daten haben, kontaktieren Sie uns bitte. Gleiches gilt f\u00fcr Ausk\u00fcnfte, Sperrung, L\u00f6schungs- und Berichtigungsw\u00fcnsche hinsichtlich Ihrer personenbezogenen Daten sowie f\u00fcr Widerrufe erteilter Einwilligungen. Die Kontaktadresse finden Sie in unserem <a href=\"http:\/\/webschritt.com\/orchidee\/impressum\/\">Impressum<\/a>.<\/p>\n","protected":false},"excerpt":{"rendered":"<p>Datenschutzrichtlinien Wir freuen uns, dass Sie unsere Website besuchen und bedanken uns f\u00fcr Ihr Interesse an unserem Unternehmen und unseren Produkten. Der Schutz Ihrer Privatsph\u00e4re bei der Nutzung unserer Website ist uns wichtig. Daher nehmen Sie bitte nachstehende Informationen zur Kenntnis: 1.) Erhebung, Verarbeitung und Nutzung personenbezogener Daten Sie k\u00f6nnen unsere Webseiten grunds\u00e4tzlich besuchen, ohne [&hellip;]<\/p>\n","protected":false},"author":3,"featured_media":0,"parent":0,"menu_order":0,"comment_status":"closed","ping_status":"open","template":"","meta":{"footnotes":""},"class_list":["post-5727","page","type-page","status-publish","hentry"],"_links":{"self":[{"href":"https:\/\/www.my-orchidee.de\/de\/wp-json\/wp\/v2\/pages\/5727","targetHints":{"allow":["GET"]}}],"collection":[{"href":"https:\/\/www.my-orchidee.de\/de\/wp-json\/wp\/v2\/pages"}],"about":[{"href":"https:\/\/www.my-orchidee.de\/de\/wp-json\/wp\/v2\/types\/page"}],"author":[{"embeddable":true,"href":"https:\/\/www.my-orchidee.de\/de\/wp-json\/wp\/v2\/users\/3"}],"replies":[{"embeddable":true,"href":"https:\/\/www.my-orchidee.de\/de\/wp-json\/wp\/v2\/comments?post=5727"}],"version-history":[{"count":0,"href":"https:\/\/www.my-orchidee.de\/de\/wp-json\/wp\/v2\/pages\/5727\/revisions"}],"wp:attachment":[{"href":"https:\/\/www.my-orchidee.de\/de\/wp-json\/wp\/v2\/media?parent=5727"}],"curies":[{"name":"wp","href":"https:\/\/api.w.org\/{rel}","templated":true}]}}