{"id":5729,"date":"2015-04-04T11:33:32","date_gmt":"2015-04-04T09:33:32","guid":{"rendered":"http:\/\/webschritt.com\/orchidee\/agb\/"},"modified":"2015-04-04T11:33:32","modified_gmt":"2015-04-04T09:33:32","slug":"agb-gutscheinshop","status":"publish","type":"page","link":"https:\/\/www.my-orchidee.de\/de\/agb-gutscheinshop\/","title":{"rendered":"AGB"},"content":{"rendered":"<p><strong>\u00a0<\/strong><\/p>\n<h2>GUTSCHEIN BEDINGUNGEN<\/h2>\n<p>F\u00fcr den Erwerb von Gutscheinen gelten unsere AGB (siehe unten) und Datenschutzbestimmungen. Dar\u00fcber hinaus gelten die folgenden Gutschein-Bedingungen:<\/p>\n<h2>Gegenstand<\/h2>\n<p>Der MYORCHIDEE-Gutschein kann nach Ma\u00dfgabe dieser Bedingungen im Rahmen von Behandlungen bei MYORCHIDEE eingesetzt werden.<br \/>\nDer Gutschein wird Ihnen in Form einer Gru\u00dfkarte nach Zahlungseingang postalisch oder per Mail zugestellt.<br \/>\nSie k\u00f6nnen den Gutschein an Dritte weitergeben. In diesem Fall verpflichten Sie sich, den Gutscheincode nicht mehr zu verwenden oder ihn an Dritte zu<br \/>\noffenbaren.<\/p>\n<h2>Einl\u00f6sen des Gutscheins<\/h2>\n<p>Der Gutschein kann f\u00fcr den f\u00fcr Kosmetik Behandlungen von MYORCHIDEE eingesetzt werden. Der Gutscheinwert wird dabei auf den Rechnungsbetrag angerechnet.<\/p>\n<h2>Restguthaben<\/h2>\n<p>\u00dcbersteigt der Gutscheinwert den Rechnungsbetrag, so bleiben eventuelle Restguthaben erhalten und k\u00f6nnen durch erneute Angabe des Gutschein-Codes verwendet werden.<br \/>\nEine Barauszahlung des (Rest-)Wertes des Gutscheins ist ausgeschlossen.<\/p>\n<h2>G\u00fcltigkeitsdauer<\/h2>\n<p>Gutscheine m\u00fcssen sp\u00e4testens zum Ende des dritten Jahres nach \u00dcbermittlung des Gutscheincodes eingel\u00f6st werden; danach verlieren sie ihre G\u00fcltigkeit.<\/p>\n<h2>Haftung<\/h2>\n<p>Sie verpflichten sich den Gutscheincode geheim zu halten und ihn nur der Person mitzuteilen, der Sie den Gutschein schenken m\u00f6chten.<\/p>\n<p>MYORCHIDEE \u00fcbernimmt keine Haftung f\u00fcr den Verlust, Diebstahl oder Missbrauch oder die verz\u00f6gerte \u00dcbermittung (z.B. wegen technischer Schwierigkeiten)<br \/>\ndes Gutscheincodes.<\/p>\n<p><strong>\u00a0<\/strong><\/p>\n<h1>ALLGEMEINE GESCH\u00c4FTSBEDINGUNGEN<\/h1>\n<h2>1. Geltungsbereich<\/h2>\n<p>F\u00fcr alle Bestellungen \u00fcber unseren Gutschein-Shop gelten die nachfolgenden AGB.<\/p>\n<h2>2. Vertragspartner, Kundendienst<\/h2>\n<p>Der Kaufvertrag kommt zustande mit (Anschrift eingeben). Weitere Informationen zu uns finden Sie im Impressum. Sie erreichen unseren Kundendienst f\u00fcr Fragen,<br \/>\nReklamationen und Beanstandungen \u201eMo-Fr 9:00-18:00 unter der Telefonnummer 030 5770151 0.<\/p>\n<h2>3. Vertragsabschluss<\/h2>\n<p>Mit Einstellung der Produkte in unserm Gutschein Shop geben wir ein verbindliches Angebot zum Vertragsschluss \u00fcber diese Artikel ab.<br \/>\nDer Vertrag kommt zustande, indem Sie durch Anklicken des Bestellbuttons das Angebot \u00fcber die im Warenkorb enthaltenen Waren annehmen.<br \/>\nUnmittelbar nach dem Absenden der Bestellung erhalten Sie noch einmal eine Best\u00e4tigung per E-Mail.<\/p>\n<p>Bedingung f\u00fcr einen wirksamen Vertragsschluss ist stets, dass der Bestellvorgang mit Absenden der Bestellung abgeschlossen wird.<\/p>\n<h2>4. Versandkosten<\/h2>\n<p>Wir liefern innerhalb Deutschlands versandkostenfrei.<\/p>\n<h2>5. Bezahlung<\/h2>\n<p>Die Zahlung erfolgt per Vorkasse, PayPal.<\/p>\n<p><strong>\u2022Vorkasse<\/strong><\/p>\n<p>Bei Auswahl der Zahlungsart Vorkasse nennen wir Ihnen unsere Bankverbindung in der Auftragsbest\u00e4tigung und liefern die Ware nach Zahlungseingang.<\/p>\n<p><strong>\u2022Paypal<\/strong><\/p>\n<p>Sie bezahlen den Rechnungsbetrag \u00fcber den Online-Anbieter <a href=\"http:\/\/www.paypal.de\">Paypal<\/a>. Sie m\u00fcssen grunds\u00e4tzlich dort registriert sein bzw. sich erst registrieren, mit Ihren Zugangsdaten legitimieren und die Zahlungsanweisung an uns best\u00e4tigen (Ausnahme ggf. Gastzugang). Weitere Hinweise erhalten Sie beim Bestellvorgang.<\/p>\n<h2>6. Selbstabholung<\/h2>\n<p>Wir liefern nur im Versandweg. Eine Selbstabholung der Ware ist leider nicht m\u00f6glich.<\/p>\n<h2>7. Packstation<\/h2>\n<p>Wir liefern nicht an Packstationen.<\/p>\n<h2>8. Widerrufsbelehrung<\/h2>\n<p>Nachfolgend erhalten Sie eine Belehrung \u00fcber die Voraussetzung und Folgen des gesetzlichen Widerrufsrechtes bei Versandbestellungen.<\/p>\n<blockquote><p>Widerrufsrecht<\/p>\n<p>Sie k\u00f6nnen Ihre Vertragserkl\u00e4rung innerhalb von 14 Tagen ohne Angabe von Gr\u00fcnden in Textform (z.B. Brief, Fax, E-Mail) oder &#8211; wenn Ihnen die Sache vor Fristablauf \u00fcberlassen wird &#8211; auch durch R\u00fccksendung der Sache widerrufen. Die Frist beginnt nach Erhalt dieser Belehrung in Textform, jedoch nicht vor Eingang der Ware beim Empf\u00e4nger (bei der wiederkehrenden Lieferung gleichartiger Waren nicht vor Eingang der ersten Teillieferung) und auch nicht vor Erf\u00fcllung unserer Informationspflichten gem\u00e4\u00df Artikel 246 \u00a7 2 in Verbindung mit \u00a7 1 Absatz 1 und 2 EGBGB sowie unserer Pflichten gem\u00e4\u00df \u00a7 312g Absatz 1 Satz 1 BGB in Verbindung mit Artikel 246 \u00a7 3 EGBGB. Zur Wahrung der Widerrufsfrist gen\u00fcgt die rechtzeitige Absendung des Widerrufs oder der Sache. Der Widerruf ist zu richten an:<\/p>\n<p>Elisabeth Cronauer<\/p>\n<p>c\/o myOrchidee<\/p>\n<p>Weiherweg 17<\/p>\n<p>85461 Gr\u00fcnbach<\/p><\/blockquote>\n<blockquote><p>Widerrufsfolgen<\/p>\n<p>Im Falle eines wirksamen Widerrufs sind die beiderseits empfangenen Leistungen zur\u00fcckzugew\u00e4hren und ggf. gezogene Nutzungen (z.B. Zinsen) herauszugeben.<br \/>\nK\u00f6nnen Sie uns die empfangene Leistung sowie Nutzungen (z.B. Gebrauchsvorteile) nicht oder teilweise nicht oder nur in verschlechtertem Zustand<br \/>\nzur\u00fcckgew\u00e4hren beziehungsweise herausgeben, m\u00fcssen Sie uns insoweit Wertersatz leisten. F\u00fcr die Verschlechterung der Sache und f\u00fcr gezogene Nutzungen m\u00fcssen Sie Wertersatz nur leisten, soweit die Nutzungen oder die Verschlechterung auf einen Umgang mit der Sache zur\u00fcckzuf\u00fchren ist, der \u00fcber die Pr\u00fcfung der Eigenschaften und der Funktionsweise hinausgeht. Unter &#8222;Pr\u00fcfung der Eigenschaften und der Funktionsweise&#8220; versteht man das Testen und Ausprobieren der jeweiligen Ware, wie es etwa im Ladengesch\u00e4ft m\u00f6glich und \u00fcblich ist. Paketversandf\u00e4hige Sachen sind auf unsere Gefahr zur\u00fcckzusenden. Sie haben die regelm\u00e4\u00dfigen Kosten der R\u00fccksendung zu tragen, wenn die gelieferte Ware der bestellten entspricht und wenn der Preis der zur\u00fcckzusendenden Sache einen Betrag von 40 Euro nicht \u00fcbersteigt oder wenn Sie bei einem h\u00f6heren Preis der Sache zum Zeitpunkt des Widerrufs noch nicht die Gegenleistung oder eine vertraglich vereinbarte Teilzahlung erbracht haben. Andernfalls ist die R\u00fccksendung f\u00fcr Sie kostenfrei. Nicht paketversandf\u00e4hige Sachen werden bei Ihnen abgeholt. Verpflichtungen zur Erstattung von Zahlungen m\u00fcssen innerhalb von 30 Tagen erf\u00fcllt werden.<br \/>\nDie Frist beginnt f\u00fcr Sie mit der Absendung Ihrer Widerrufserkl\u00e4rung oder der Sache, f\u00fcr uns mit deren Empfang.<\/p>\n<p>Ende der Widerrufsbelehrung<\/p><\/blockquote>\n<h2>9. Kostentragungsvereinbarung bei Aus\u00fcbung des Widerrufsrechtes<\/h2>\n<p>Wir machen von der M\u00f6glichkeit Gebrauch, Ihnen im Rahmen der Aus\u00fcbung des in der vorstehenden Belehrung wiedergegebenen gesetzlichen Widerrufsrechtes wie folgt die Kosten der R\u00fccksendung aufzuerlegen: Sie haben die regelm\u00e4\u00dfigen Kosten der R\u00fccksendung zu tragen, wenn die gelieferte Ware der bestellten entspricht und wenn der Preis der zur\u00fcckzusendenden Ware einen Betrag von 40,00 Euro nicht \u00fcbersteigt, oder wenn Sie bei einem h\u00f6heren Preis der Sache zum Zeitpunkt des Widerrufes noch nicht die Gegenleistung oder eine vertraglich vereinbarte Teilzahlung erbracht haben.<\/p>\n<h2>10. Vertragstextspeicherung<\/h2>\n<p>Wir speichern den Vertragstext und senden Ihnen die Bestelldaten und unsere AGB per E-Mail zu. Die AGB k\u00f6nnen Sie jederzeit auch hier auf dieser Seite einsehen und herunterladen. Ihre vergangenen Bestellungen k\u00f6nnen Sie in unserem Kunden-Login einsehen.<\/p>\n<h2>11. Vertragssprache<\/h2>\n<p>Die f\u00fcr den Vertragsschluss zur Verf\u00fcgung stehende Sprache ist Deutsch.<\/p>\n","protected":false},"excerpt":{"rendered":"<p>\u00a0 GUTSCHEIN BEDINGUNGEN F\u00fcr den Erwerb von Gutscheinen gelten unsere AGB (siehe unten) und Datenschutzbestimmungen. Dar\u00fcber hinaus gelten die folgenden Gutschein-Bedingungen: Gegenstand Der MYORCHIDEE-Gutschein kann nach Ma\u00dfgabe dieser Bedingungen im Rahmen von Behandlungen bei MYORCHIDEE eingesetzt werden. Der Gutschein wird Ihnen in Form einer Gru\u00dfkarte nach Zahlungseingang postalisch oder per Mail zugestellt. Sie k\u00f6nnen den [&hellip;]<\/p>\n","protected":false},"author":3,"featured_media":0,"parent":0,"menu_order":0,"comment_status":"closed","ping_status":"open","template":"","meta":{"footnotes":""},"class_list":["post-5729","page","type-page","status-publish","hentry"],"_links":{"self":[{"href":"https:\/\/www.my-orchidee.de\/de\/wp-json\/wp\/v2\/pages\/5729","targetHints":{"allow":["GET"]}}],"collection":[{"href":"https:\/\/www.my-orchidee.de\/de\/wp-json\/wp\/v2\/pages"}],"about":[{"href":"https:\/\/www.my-orchidee.de\/de\/wp-json\/wp\/v2\/types\/page"}],"author":[{"embeddable":true,"href":"https:\/\/www.my-orchidee.de\/de\/wp-json\/wp\/v2\/users\/3"}],"replies":[{"embeddable":true,"href":"https:\/\/www.my-orchidee.de\/de\/wp-json\/wp\/v2\/comments?post=5729"}],"version-history":[{"count":0,"href":"https:\/\/www.my-orchidee.de\/de\/wp-json\/wp\/v2\/pages\/5729\/revisions"}],"wp:attachment":[{"href":"https:\/\/www.my-orchidee.de\/de\/wp-json\/wp\/v2\/media?parent=5729"}],"curies":[{"name":"wp","href":"https:\/\/api.w.org\/{rel}","templated":true}]}}