{"id":5950,"date":"2015-04-24T14:46:49","date_gmt":"2015-04-24T12:46:49","guid":{"rendered":"http:\/\/webschritt.com\/orchidee\/?page_id=5950"},"modified":"2023-02-09T16:49:12","modified_gmt":"2023-02-09T15:49:12","slug":"professionelles-make-up-in-erding","status":"publish","type":"page","link":"https:\/\/www.my-orchidee.de\/de\/professionelles-make-up-in-erding\/","title":{"rendered":"Styling &#038; Make-up"},"content":{"rendered":"<div class='fullwidth-section  ' >  <div class=\"fullwidth-bg\">\t<div class=\"container\"><div  class='column dt-sc-one-third  first'><p class=\"dt-sc-contact-info\"><i class='fa fa-phone'><\/i>Telefon : <span>+49 8122 99 99 004<\/span><\/p><\/div><div  class='column dt-sc-one-third  '><p class=\"dt-sc-contact-info\"><i  class='fa fa-mobile-phone'><\/i>Mobile : <span>+49 170 562 35 71<\/span><\/p><\/div><div  class='column dt-sc-one-third  '><p class=\"dt-sc-contact-info\"><i class='fa fa-envelope'><\/i>Email : <a href='mailto:elisabeth.cronauer@my-orchidee.de'>elisabeth.cronauer@my-orchidee.de<\/a><\/p><\/div><div class='border-title '>\n\t\t\t\t  <h1>Styling - Make up<\/h1>\n\t\t\t\t  <div class='ico-border'> <i class='ico-bg flower'><\/i> <\/div>\n\t\t\t\t  <span class='tag-line'>Make up zum Staunen<\/span>\n\t\t\t\t<\/div><div class='fullwidth-section  ' >  <div class=\"fullwidth-bg\">\t<div class=\"container\">\t<\/div>  <\/div><\/div><div  class='column dt-sc-three-fourth  first'><div class='fullwidth-section  ' >  <div class=\"fullwidth-bg\">\t<div class=\"container\">\t<\/div>  <\/div><\/div><div  class='column dt-sc-three-fourth  first'><\/div>\n<\/p>\n<p><a href=\"http:\/\/www.my-orchidee.de\/de\/wp-content\/uploads\/2015\/04\/karaja.jpg\"><img loading=\"lazy\" decoding=\"async\" class=\"alignleft size-full wp-image-6179\" src=\"https:\/\/www.my-orchidee.de\/de\/wp-content\/uploads\/2016\/03\/IMG_5558-1-e1457784674750.jpg\" alt=\"IMG_5558-1-e1457784674750\" width=\"334\" height=\"209\"><\/a>\nWelche Frau schaut nicht gerne in den Spiegel und l\u00e4sst sich nicht von einem herausragenden Styling, einem besonderen Make up begeistern. Das professionelle Styling bietet sich vor allem f\u00fcr ganz besondere Events im Leben an. Ob f\u00fcr die eigene Hochzeit, Klassentreffen oder Familienfeiern, wann &#8222;gl\u00e4nzt&#8220; man nicht gerne mit einem dem Anlass und Typ entsprechendem perfektem Make up.<\/p>\n<p>Das Kosmetik Institut Orch-idee ist Ihr professioneller Ansprechpartner in Sachen Styling und Make Up. Wir pr\u00fcfen, korrigieren und stimmen das Make Up auf Ihre pers\u00f6nlichen Bed\u00fcrfnisse und Outfits ab.<\/p>\n<p>&nbsp;Das Kosmetik Institut Orch-idee zeigt Ihnen gerne Ihr neues Spiegelbild.<\/p>\n<p>&nbsp;<\/p>\n<h3>Make Up \/ Styling Leistungen<\/h3>\n<p>&nbsp;<\/p>\n<table>\n<tbody>\n<tr>\n<td>\n<p><strong>Typgerechtes Tages-Make-Up<\/strong><\/p>\n<\/td>\n<td width=\"20\">&nbsp;<\/td>\n<td>28,00 Euro<\/td>\n<\/tr>\n<tr>\n<td>\n<p><strong>Typgerechtes Abend-Make-Up<\/strong><\/p>\n<\/td>\n<td width=\"20\">&nbsp;<\/td>\n<td>38,00 Euro<\/td>\n<\/tr>\n<tr>\n<td>\n<p><strong>Braut-Make-Up (inkl. Probeschminken)<\/strong><\/p>\n<p> (auch bei Ihnen zu Hause m\u00f6glich zzgl. Fahrtkosten)<\/p>\n<\/td>\n<td width=\"20\"><strong>&nbsp;<\/strong><\/td>\n<td>78,00 Euro&nbsp;<\/td>\n<\/tr>\n<tr>\n<\/tr>\n<\/tbody>\n<\/table><\/div><div  class='column dt-sc-one-fourth  '><h5 class='dark-title'><span><\/span><\/h5><\/div>\t<\/div>  <\/div><\/div>\n","protected":false},"excerpt":{"rendered":"","protected":false},"author":3,"featured_media":0,"parent":0,"menu_order":0,"comment_status":"open","ping_status":"closed","template":"","meta":{"footnotes":""},"class_list":["post-5950","page","type-page","status-publish","hentry"],"_links":{"self":[{"href":"https:\/\/www.my-orchidee.de\/de\/wp-json\/wp\/v2\/pages\/5950","targetHints":{"allow":["GET"]}}],"collection":[{"href":"https:\/\/www.my-orchidee.de\/de\/wp-json\/wp\/v2\/pages"}],"about":[{"href":"https:\/\/www.my-orchidee.de\/de\/wp-json\/wp\/v2\/types\/page"}],"author":[{"embeddable":true,"href":"https:\/\/www.my-orchidee.de\/de\/wp-json\/wp\/v2\/users\/3"}],"replies":[{"embeddable":true,"href":"https:\/\/www.my-orchidee.de\/de\/wp-json\/wp\/v2\/comments?post=5950"}],"version-history":[{"count":0,"href":"https:\/\/www.my-orchidee.de\/de\/wp-json\/wp\/v2\/pages\/5950\/revisions"}],"wp:attachment":[{"href":"https:\/\/www.my-orchidee.de\/de\/wp-json\/wp\/v2\/media?parent=5950"}],"curies":[{"name":"wp","href":"https:\/\/api.w.org\/{rel}","templated":true}]}}