{"id":6652,"date":"2016-07-30T22:53:34","date_gmt":"2016-07-30T20:53:34","guid":{"rendered":"http:\/\/www.my-orchidee.de\/de\/?page_id=6652"},"modified":"2018-01-15T21:54:27","modified_gmt":"2018-01-15T20:54:27","slug":"individuelle-kosmetik-beratung","status":"publish","type":"page","link":"https:\/\/www.my-orchidee.de\/de\/individuelle-kosmetik-beratung\/","title":{"rendered":"Individuelle Kosmetikberatung"},"content":{"rendered":"<div class='fullwidth-section  ' >  <div class=\"fullwidth-bg\">\t<div class=\"container\"><div class='border-title '>\n\t\t\t\t  <h3>Individuelle Kosmetikberatung<\/h3>\n\t\t\t\t  <div class='ico-border'> <i class='ico-bg flower'><\/i> <\/div>\n\t\t\t\t  <span class='tag-line'>Lassen Sie uns gemeinsam auf die Suche nach Ihrem ganz pers\u00f6nlichen Pflegeziel gehen.<\/span>\n\t\t\t\t<\/div><div  class='column dt-sc-one-half  first'><p>Eine gesunde und attraktive Haut in jedem Lebensalter hat nichts mit Zauberei zu tun, sondern mit Professionalit\u00e4t, Erfahrung, die richtigen Produkte und Zeit, Zeit sich mit Ihren individuellen Hautbed\u00fcrfnissen und W\u00fcnschen zu befassen.<\/p>\n<p>Ob sensibel, empfindlich oder einfach nicht ganz im Gleichgewicht.<\/p>\n<p>Ihre Haut wird sich wieder von ihrer sch\u00f6nsten Seite zeigen. Die richtige Anti-age-Behandlung zum richtigen Zeitpunkt l\u00e4sst Uhr oftmals sichtlich zur\u00fcckdrehen.<\/p>\n<p>Schenken Sie uns Ihr Vertrauen und wir lassen in diesem Termin Ihre &#8222;Haut zu Wort kommen&#8220;.<\/p>\n<div class='dt-sc-hr-invisible  '><\/div>\n<div class=\"dt-sc-clear\"><\/div>\n<h3>Was beinhaltet die individuelle Kosmetikberatung:<\/h3>\n<ul class='dt-sc-fancy-list  raspberry  rounded-tick'>\n<li>ausf\u00fchrliche Anamnese und Analyse Gespr\u00e4ch<\/li>\n<li>Hautanalyse &#8211; Behandlung (Reinigung &#8211; Anwendung hautlogischer Produkte)<\/li>\n<li>Pflege- und Produktberatung<\/li>\n<li>Hinweise und Tipps f\u00fcr zu Hause<\/li>\n<\/ul>\n<div>40 Min. 59 \u20ac<\/div>\n<div>2 Pers. \u00e0 45 \u20ac<\/div>\n<a href='http:\/\/www.my-orchidee.de\/de\/termin-kosmetik-studio-erding\/' target='_blank'  class='dt-sc-button   medium ' >Jetzt Termin vereinbaren!<\/a><\/div><div  class='column dt-sc-one-half  '><a href=\"http:\/\/www.my-orchidee.de\/de\/wp-content\/uploads\/2014\/05\/IMG_6578.jpg\"><img loading=\"lazy\" decoding=\"async\" src=\"http:\/\/www.my-orchidee.de\/de\/wp-content\/uploads\/2014\/05\/IMG_6578-300x270.jpg\" alt=\"IMG_6578\" width=\"300\" height=\"270\" class=\"alignright size-medium wp-image-6263\" srcset=\"https:\/\/www.my-orchidee.de\/de\/wp-content\/uploads\/2014\/05\/IMG_6578-300x270.jpg 300w, https:\/\/www.my-orchidee.de\/de\/wp-content\/uploads\/2014\/05\/IMG_6578-1024x922.jpg 1024w, https:\/\/www.my-orchidee.de\/de\/wp-content\/uploads\/2014\/05\/IMG_6578.jpg 1375w\" sizes=\"auto, (max-width: 300px) 100vw, 300px\" \/><\/a><\/div>\t<\/div>  <\/div><\/div>\n","protected":false},"excerpt":{"rendered":"","protected":false},"author":2,"featured_media":0,"parent":0,"menu_order":0,"comment_status":"open","ping_status":"closed","template":"tpl-home.php","meta":{"footnotes":""},"class_list":["post-6652","page","type-page","status-publish","hentry"],"_links":{"self":[{"href":"https:\/\/www.my-orchidee.de\/de\/wp-json\/wp\/v2\/pages\/6652","targetHints":{"allow":["GET"]}}],"collection":[{"href":"https:\/\/www.my-orchidee.de\/de\/wp-json\/wp\/v2\/pages"}],"about":[{"href":"https:\/\/www.my-orchidee.de\/de\/wp-json\/wp\/v2\/types\/page"}],"author":[{"embeddable":true,"href":"https:\/\/www.my-orchidee.de\/de\/wp-json\/wp\/v2\/users\/2"}],"replies":[{"embeddable":true,"href":"https:\/\/www.my-orchidee.de\/de\/wp-json\/wp\/v2\/comments?post=6652"}],"version-history":[{"count":0,"href":"https:\/\/www.my-orchidee.de\/de\/wp-json\/wp\/v2\/pages\/6652\/revisions"}],"wp:attachment":[{"href":"https:\/\/www.my-orchidee.de\/de\/wp-json\/wp\/v2\/media?parent=6652"}],"curies":[{"name":"wp","href":"https:\/\/api.w.org\/{rel}","templated":true}]}}