{"id":7732,"date":"2017-05-31T23:22:53","date_gmt":"2017-05-31T21:22:53","guid":{"rendered":"http:\/\/www.my-orchidee.de\/de\/?page_id=7732"},"modified":"2023-02-02T09:12:27","modified_gmt":"2023-02-02T08:12:27","slug":"risoftlining-behandlung","status":"publish","type":"page","link":"https:\/\/www.my-orchidee.de\/de\/risoftlining-behandlung\/","title":{"rendered":"Risoftlining Behandlung"},"content":{"rendered":"<div class='fullwidth-section  ' >  <div class=\"fullwidth-bg\">\t<div class=\"container\"><div  class='column dt-sc-one-third  first'><p class=\"dt-sc-contact-info\"><i class='fa fa-phone'><\/i>Telefon : <span>+49 8122 99 99 004<\/span><\/p><\/div><div  class='column dt-sc-one-third  '><p class=\"dt-sc-contact-info\"><i  class='fa fa-mobile-phone'><\/i>Mobile : <span>+49 170 562 35 71<\/span><\/p><\/div><div  class='column dt-sc-one-third  '><p class=\"dt-sc-contact-info\"><i class='fa fa-envelope'><\/i>Email : <a href='mailto:elisabeth.cronauer@my-orchidee.de'>elisabeth.cronauer@my-orchidee.de<\/a><\/p><\/div>\t<\/div>  <\/div><\/div>\n<div class='border-title '>\n\t\t\t\t  <h1>Ri-softlining<\/h1>\n\t\t\t\t  <div class='ico-border'> <i class='ico-bg flower'><\/i> <\/div>\n\t\t\t\t  <span class='tag-line'>Die klassische Permanent Make-up Methode, die f\u00fcr Ihr strahlendes Aussehen sorgt<\/span>\n\t\t\t\t<\/div>\n<div class='fullwidth-section  ' >  <div class=\"fullwidth-bg\">\t<div class=\"container\">Frauen, die wissen was sie wollen, sch\u00e4tzen ein stets gepflegtes und attraktives Aussehen. Das ist mit der Methode Ri-softlining-Classic ganz nat\u00fcrlich m\u00f6glich.<\/p>\n<p>Ob im hektischen Berufsleben, beim Fitness, auf Feierlichkeiten oder beim kuscheligen Kaminfeuer, Risoftlining sieht in jeder Situation gut aus.\nDiese besondere Art des Permanent Make-ups macht es m\u00f6glich viele verschiedene Pigmentier-Techniken anzuwenden um die Vorteile des Gesichts ganz individuell und dezent zu unterstreichen und hervorzuheben.<div class='dt-sc-hr-invisible-small  '><\/div>\n<p>Dezent werden<\/p>\n<p>\n<div class='fullwidth-section  ' >  <div class=\"fullwidth-bg\">\t<div class=\"container\">\t<\/div>  <\/div><\/div><p class=\"dt-sc-contact-info address\"><i class='fa fa-pagelines'><\/i><span>perfekt modellierte Augenbrauen<\/span><\/p><p class=\"dt-sc-contact-info address\"><i class='fa fa-pagelines'><\/i><span>Kajalumrandungen, die den Blick \u00f6ffnen und<\/span><\/p><p class=\"dt-sc-contact-info address\"><i class='fa fa-pagelines'><\/i><span>klar konturierte und gepflegt sinnliche Lippen<\/span><\/p>\t<\/div>  <\/div><\/div>\ngezeichnet.<\/p>\n<div class='fullwidth-section  ' >  <div class=\"fullwidth-bg\">\t<div class=\"container\"><div class='border-title '>\n\t\t\t\t  <h2><\/h2>\n\t\t\t\t  <div class='ico-border'> <i class='ico-bg flower'><\/i> <\/div>\n\t\t\t\t  <span class='tag-line'>So einfach ist es, besser auszusehen!<\/span>\n\t\t\t\t<\/div>\t<\/div>  <\/div><\/div>\n<div  class='column dt-sc-one-third  first'><a href=\"http:\/\/www.my-orchidee.de\/de\/wp-content\/uploads\/2017\/05\/2017-03-27_Lisa_Cronauer-11.jpg\"><img loading=\"lazy\" decoding=\"async\" src=\"http:\/\/www.my-orchidee.de\/de\/wp-content\/uploads\/2017\/05\/2017-03-27_Lisa_Cronauer-11.jpg\" alt=\"permanent-make-up-2017-03-27_Lisa_Cronauer-11\" width=\"2361\" height=\"3542\" class=\"alignright size-full wp-image-6514\"><\/a><\/div><div  class='column dt-sc-one-third  '>Vereinbaren Sie bei uns einen Termin f\u00fcr eine individuelle Beratung und Vorzeichnung f\u00fcr Ihre Lider, Lippen und\/oder Augenbrauen.<\/p>\n<p>Sie werde staunen, wie sich Ihre Ausstrahlung und Ihr Aussehen in nur 10 Minuten ver\u00e4ndern!\nNutzen Sie unser Angebot und entdecken Sie eine neue Seite an sich.<\/div>\n<p>Bei diesem Termin werden wir Ihre W\u00fcnsche besprechen. Anschlie\u00dfend zeichnen wir Ihnen Ihre Wunschform vor und besprechen die optimale Farbe f\u00fcr Sie. <\/p>\n<div  class='column dt-sc-one-third  first'><a href=\"http:\/\/www.my-orchidee.de\/de\/wp-content\/uploads\/2017\/05\/2017-03-27_Lisa_Cronauer-4.jpg\"><img loading=\"lazy\" decoding=\"async\" src=\"http:\/\/www.my-orchidee.de\/de\/wp-content\/uploads\/2017\/05\/2017-03-27_Lisa_Cronauer-4.jpg\" alt=\"Permanent-make-up-2017-03-27_Lisa_Cronauer-4\" width=\"2361\" height=\"3542\" class=\"alignright size-full wp-image-6514\"><\/a><\/div><div  class='column dt-sc-one-third  '>Formsch\u00f6ne Augenbrauen verj\u00fcngen um Jahre \u2013 ganz ohne chirurgische Eingriffe.<\/p>\n<p>\nWimperkranzverst\u00e4rkung oder Kajal in weichen Farben bringen mehr Ausstrahlung.<\/p>\n<p>\nLippenmodellierungen machen Lippen gepflegt und ausdrucksstarke neue Seite an sich.<\/div><div  class='column dt-sc-one-third  '><a href=\"http:\/\/www.my-orchidee.de\/de\/wp-content\/uploads\/2017\/05\/2017-03-27_Lisa_Cronauer-1.jpg\"><img loading=\"lazy\" decoding=\"async\" src=\"http:\/\/www.my-orchidee.de\/de\/wp-content\/uploads\/2017\/05\/2017-03-27_Lisa_Cronauer-1.jpg\" alt=\"permanent-make-up-2017-03-27_Lisa_Cronauer-1\" width=\"2361\" height=\"3542\" class=\"alignright size-full wp-image-6514\"><\/a><\/div>\n<div class='fullwidth-section  ' >  <div class=\"fullwidth-bg\">\t<div class=\"container\"><div class='fullwidth-section  ' >  <div class=\"fullwidth-bg\">\t<div class=\"container\">\t<\/div>  <\/div><\/div><div class='border-title '>\n\t\t\t\t  <h2><\/h2>\n\t\t\t\t  <div class='ico-border'> <i class='ico-bg flower'><\/i> <\/div>\n\t\t\t\t  <span class='tag-line'>Sofort sehen Sie den Unterschied!<\/span>\n\t\t\t\t<\/div>\t<\/div>  <\/div><\/div><div class='fullwidth-section  ' >  <div class=\"fullwidth-bg\">\t<div class=\"container\"><p>Wir verwenden nur rein mineralische Pigmentierfarben der Riso Cooperation, die gesundheitlich unbedenklich sind:<\/p>\n<div class='fullwidth-section  ' >  <div class=\"fullwidth-bg\">\t<div class=\"container\">\t<\/div>  <\/div><\/div><p class=\"dt-sc-contact-info address\"><i class='fa fa-pagelines'><\/i><span>allergiegetestet durch Dermatest<\/span><\/p><p class=\"dt-sc-contact-info address\"><i class='fa fa-pagelines'><\/i><span>schwermetall-kontrolliert<\/span><\/p><p class=\"dt-sc-contact-info address\"><i class='fa fa-pagelines'><\/i><span>hautvertr\u00e4glich<\/span><\/p><p class=\"dt-sc-contact-info address\"><i class='fa fa-pagelines'><\/i><span>lichtecht - keine Farbver\u00e4nderung<\/span><\/p><p class=\"dt-sc-contact-info address\"><i class='fa fa-pagelines'><\/i><span>nat\u00fcrliche Farbgebung<\/span><\/p>\t<\/div>  <\/div><\/div>\n<div  class='column dt-sc-one-third  first'><a href=\"http:\/\/www.my-orchidee.de\/de\/wp-content\/uploads\/2017\/10\/2017-03-27_Lisa_Cronauer-5.jpg\"><img loading=\"lazy\" decoding=\"async\" src=\"http:\/\/www.my-orchidee.de\/de\/wp-content\/uploads\/2017\/10\/2017-03-27_Lisa_Cronauer-5.jpg\" alt=\"permanent-make-up-2017-03-27_Lisa_Cronauer-5\" width=\"2361\" height=\"3542\" class=\"alignright size-full wp-image-6514\"><\/a><\/div><div  class='column dt-sc-one-third  '>Unsere verwendeten Farben sind unbedenklich und frei von krebserregenden AZO Farbstoffen.<\/p>\n<p>\nWir arbeiten mit einer der innovativsten Ger\u00e4tetechniken.<\/div><div  class='column dt-sc-one-third  '><a href=\"http:\/\/www.my-orchidee.de\/de\/wp-content\/uploads\/2017\/05\/2017-03-27_Lisa_Cronauer-8.jpg\"><img loading=\"lazy\" decoding=\"async\" src=\"http:\/\/www.my-orchidee.de\/de\/wp-content\/uploads\/2017\/05\/2017-03-27_Lisa_Cronauer-8.jpg\" alt=\"permanent-make-up-2017-03-27_Lisa_Cronauer-8\" width=\"2361\" height=\"3542\" class=\"alignright size-full wp-image-6514\"><\/a><\/div><div class='fullwidth-section  ' >  <div class=\"fullwidth-bg\">\t<div class=\"container\"><div class='fullwidth-section  ' >  <div class=\"fullwidth-bg\">\t<div class=\"container\">\t<\/div>  <\/div><\/div><div class='border-title '>\n\t\t\t\t  <h2><\/h2>\n\t\t\t\t  <div class='ico-border'> <i class='ico-bg flower'><\/i> <\/div>\n\t\t\t\t  <span class='tag-line'>Sofort sehen Sie den Unterschied!<\/span>\n\t\t\t\t<\/div>\t<\/div>  <\/div><\/div><div class='fullwidth-section  ' >  <div class=\"fullwidth-bg\">\t<div class=\"container\">\t<\/div>  <\/div><\/div>\n<div  class='column dt-sc-one-third  first'><a href=\"http:\/\/www.my-orchidee.de\/de\/wp-content\/uploads\/2015\/04\/Vorher.jpg\"><img loading=\"lazy\" decoding=\"async\" src=\"http:\/\/www.my-orchidee.de\/de\/wp-content\/uploads\/2015\/04\/Vorher.jpg\" alt=\"permanent-make-up-vorher\" width=\"2361\" height=\"3542\" class=\"alignright size-full wp-image-6514\"><\/a><\/div><div  class='column dt-sc-one-third  '><p class=\"dt-sc-contact-info address\"><i class='fa fa-pagelines'><\/i><span>Vorher<\/span><\/p>\n<p>Vor der Behandlung sieht ein Gesicht meist blass und farblos aus.<\/p>\n<p>\n<p class=\"dt-sc-contact-info address\"><i class='fa fa-pagelines'><\/i><span>Nachher<\/span><\/p>\n<p>Mit Re-softlining wirkt das Gesicht frisch und jugendlich.<\/div><div  class='column dt-sc-one-third  '><a href=\"http:\/\/www.my-orchidee.de\/de\/wp-content\/uploads\/2015\/04\/IMG_7040.jpg\"><img loading=\"lazy\" decoding=\"async\" src=\"http:\/\/www.my-orchidee.de\/de\/wp-content\/uploads\/2015\/04\/IMG_7040.jpg\" alt=\"permanent-make-up-nachher\" width=\"2361\" height=\"3542\" class=\"alignright size-full wp-image-6514\"><\/a><\/div>\n","protected":false},"excerpt":{"rendered":"<p>gezeichnet. Bei diesem Termin werden wir Ihre W\u00fcnsche besprechen. Anschlie\u00dfend zeichnen wir Ihnen Ihre Wunschform vor und besprechen die optimale Farbe f\u00fcr Sie.<\/p>\n","protected":false},"author":2,"featured_media":0,"parent":0,"menu_order":0,"comment_status":"closed","ping_status":"closed","template":"","meta":{"footnotes":""},"class_list":["post-7732","page","type-page","status-publish","hentry"],"_links":{"self":[{"href":"https:\/\/www.my-orchidee.de\/de\/wp-json\/wp\/v2\/pages\/7732","targetHints":{"allow":["GET"]}}],"collection":[{"href":"https:\/\/www.my-orchidee.de\/de\/wp-json\/wp\/v2\/pages"}],"about":[{"href":"https:\/\/www.my-orchidee.de\/de\/wp-json\/wp\/v2\/types\/page"}],"author":[{"embeddable":true,"href":"https:\/\/www.my-orchidee.de\/de\/wp-json\/wp\/v2\/users\/2"}],"replies":[{"embeddable":true,"href":"https:\/\/www.my-orchidee.de\/de\/wp-json\/wp\/v2\/comments?post=7732"}],"version-history":[{"count":0,"href":"https:\/\/www.my-orchidee.de\/de\/wp-json\/wp\/v2\/pages\/7732\/revisions"}],"wp:attachment":[{"href":"https:\/\/www.my-orchidee.de\/de\/wp-json\/wp\/v2\/media?parent=7732"}],"curies":[{"name":"wp","href":"https:\/\/api.w.org\/{rel}","templated":true}]}}