{"id":8031,"date":"2018-06-07T20:55:32","date_gmt":"2018-06-07T18:55:32","guid":{"rendered":"http:\/\/www.my-orchidee.de\/de\/?page_id=8031"},"modified":"2023-02-02T09:13:15","modified_gmt":"2023-02-02T08:13:15","slug":"kontakt-und-terminvereinbarung","status":"publish","type":"page","link":"https:\/\/www.my-orchidee.de\/de\/kontakt-und-terminvereinbarung\/","title":{"rendered":"Kontakt und Terminvereinbarung"},"content":{"rendered":"<div class='fullwidth-section  ' >  <div class=\"fullwidth-bg\">\t<div class=\"container\"><div  class='column dt-sc-one-third  first'><p class=\"dt-sc-contact-info\"><i class='fa fa-phone'><\/i>Telefon : <span>+49 8122 99 99 004<\/span><\/p><\/div><div  class='column dt-sc-one-third  '><p class=\"dt-sc-contact-info\"><i  class='fa fa-mobile-phone'><\/i>Mobile : <span>+49 170 562 35 71<\/span><\/p><\/div><div  class='column dt-sc-one-third  '><p class=\"dt-sc-contact-info\"><i class='fa fa-envelope'><\/i>Email : <a href='mailto:elisabeth.cronauer@my-orchidee.de'>elisabeth.cronauer@my-orchidee.de<\/a><\/p><\/div>\t<\/div>  <\/div><\/div><div class='fullwidth-section  ' >  <div class=\"fullwidth-bg\">\t<div class=\"container\"><div class='border-title '>\n\t\t\t\t  <h1>Kontakt und Terminvereinbarung<\/h1>\n\t\t\t\t  <div class='ico-border'> <i class='ico-bg flower'><\/i> <\/div>\n\t\t\t\t  <span class='tag-line'><\/span>\n\t\t\t\t<\/div>\t<\/div>  <\/div><\/div><div class='fullwidth-section  ' >  <div class=\"fullwidth-bg\">\t<div class=\"container\"><aside id=\"text-2\" class=\"widget  widget_text widget_text\">\t\t\t<div class=\"textwidget\">Bitte kontaktieren Sie mich f\u00fcr eine allgemeine Anfrage oder zur Terminvereinbarung entweder unter oben genannter Telefonnummer oder per E-Mail.<\/p>\n<p>\nGutscheine k\u00f6nnen Sie ebenfalls telefonisch oder per E-Mail erwerben. <\/p>\n<p>\nSollte ich telefonisch einmal nicht erreichbar sein, so hinterlassen Sie bitte Ihre Angaben bei meinem Team. Ich freue mich auf Ihre Kontaktaufnahme und melde mich so schnell wie m\u00f6glich bei Ihnen zur\u00fcck! Gerne k\u00f6nnen Sie mir auch eine WhatsApp Nachricht an die Telefonnummer: +49 8122 99 99 004<\/a> schreiben.<\/div>\n\t\t<\/aside>\t<\/div>  <\/div><\/div>\n","protected":false},"excerpt":{"rendered":"","protected":false},"author":2,"featured_media":0,"parent":0,"menu_order":0,"comment_status":"closed","ping_status":"closed","template":"","meta":{"footnotes":""},"class_list":["post-8031","page","type-page","status-publish","hentry"],"_links":{"self":[{"href":"https:\/\/www.my-orchidee.de\/de\/wp-json\/wp\/v2\/pages\/8031","targetHints":{"allow":["GET"]}}],"collection":[{"href":"https:\/\/www.my-orchidee.de\/de\/wp-json\/wp\/v2\/pages"}],"about":[{"href":"https:\/\/www.my-orchidee.de\/de\/wp-json\/wp\/v2\/types\/page"}],"author":[{"embeddable":true,"href":"https:\/\/www.my-orchidee.de\/de\/wp-json\/wp\/v2\/users\/2"}],"replies":[{"embeddable":true,"href":"https:\/\/www.my-orchidee.de\/de\/wp-json\/wp\/v2\/comments?post=8031"}],"version-history":[{"count":0,"href":"https:\/\/www.my-orchidee.de\/de\/wp-json\/wp\/v2\/pages\/8031\/revisions"}],"wp:attachment":[{"href":"https:\/\/www.my-orchidee.de\/de\/wp-json\/wp\/v2\/media?parent=8031"}],"curies":[{"name":"wp","href":"https:\/\/api.w.org\/{rel}","templated":true}]}}