{"id":8358,"date":"2023-02-03T11:22:57","date_gmt":"2023-02-03T10:22:57","guid":{"rendered":"https:\/\/www.my-orchidee.de\/de\/?page_id=8358"},"modified":"2023-02-03T11:24:08","modified_gmt":"2023-02-03T10:24:08","slug":"kosmetische-behandlungen","status":"publish","type":"page","link":"https:\/\/www.my-orchidee.de\/de\/kosmetische-behandlungen\/","title":{"rendered":"Kosmetische Behandlungen"},"content":{"rendered":"<div class='fullwidth-section  ' >  <div class=\"fullwidth-bg\">\t<div class=\"container\"><div  class='column dt-sc-one-third  first'><p class=\"dt-sc-contact-info\"><i class='fa fa-phone'><\/i>Telefon : <span>+49 8122 99 99 004<\/span><\/p><\/div><div  class='column dt-sc-one-third  '><p class=\"dt-sc-contact-info\"><i  class='fa fa-mobile-phone'><\/i>Mobile : <span>+49 170 562 35 71<\/span><\/p><\/div><div  class='column dt-sc-one-third  '><p class=\"dt-sc-contact-info\"><i class='fa fa-envelope'><\/i>Email : <a href='mailto:elisabeth.cronauer@my-orchidee.de'>elisabeth.cronauer@my-orchidee.de<\/a><\/p><\/div><div class='border-title '>\n\t\t\t\t  <h1>Kosmetische Behandlungen<\/h1>\n\t\t\t\t  <div class='ico-border'> <i class='ico-bg flower'><\/i> <\/div>\n\t\t\t\t  <span class='tag-line'>Tauchen Sie ein in ein Wohlf\u00fchlerlebnis f\u00fcr all Ihre Sinne!<\/span>\n\t\t\t\t<\/div><aside id=\"text-2\" class=\"widget  widget_text widget_text\">\t\t\t<div class=\"textwidget\">Alle angewendeten Produkte werden individuell auf Ihre pers\u00f6nlichen Hautbed\u00fcrfnisse ausgew\u00e4hlt und aufeinander abgestimmt.<\/div>\n\t\t<\/aside>\t<\/div>  <\/div><\/div><div  class='column dt-sc-four-sixth  first'><div  class='dt-sc-callout-box type4 ' ><div class=\"column dt-sc-four-fifth first\"><h4>\u201eSch\u00f6n sein und sch\u00f6n bleiben\u201c<\/h4>\n<p>klassische Gesichtsbehandlung <\/p>\n<p>50 Min. 78 \u20ac<\/p><\/div><div class=\"column dt-sc-one-fifth\"><a href='http:\/\/www.my-orchidee.de\/de\/termin-kosmetik-studio-erding\/' class='dt-sc-button medium' target='_new'>Jetzt Termin vereinbaren!<\/a><\/div><\/div><div class='dt-sc-hr-invisible-small  '><\/div><div  class='dt-sc-callout-box type4 ' ><div class=\"column dt-sc-four-fifth first\"><h4>\u201eSch\u00f6nheit nach Plan\u201c<\/h4>\n<p>zus\u00e4tzl. Augenbrauenkorrektur, Wirkstoffampulle-Essence<\/p>\n<p>Regeneration und Entspannung wirkt sp\u00fcrbar<\/p>\n<p>60 Min. 89 \u20ac<\/p><\/div><div class=\"column dt-sc-one-fifth\"><a href='http:\/\/www.my-orchidee.de\/de\/termin-kosmetik-studio-erding\/' class='dt-sc-button medium' target='_new'>Jetzt Termin vereinbaren!<\/a><\/div><\/div><div class='dt-sc-hr-invisible-small  '><\/div><div  class='dt-sc-callout-box type4 ' ><div class=\"column dt-sc-four-fifth first\"><h4>\u201eanti-age\u201c<\/h4>\n<p>zus\u00e4tzl. Augenbrauenkorrektur, Wirkstoffampulle-Essence, Augenlifting und Decollet\u00e9-Maske<\/p>\n<p>Name ist Programm<\/p>\n<p>70 Min. 98 \u20ac<\/p><\/div><div class=\"column dt-sc-one-fifth\"><a href='http:\/\/www.my-orchidee.de\/de\/termin-kosmetik-studio-erding\/' class='dt-sc-button medium' target='_new'>Jetzt Termin vereinbaren!<\/a><\/div><\/div><div class='dt-sc-hr-invisible-small  '><\/div><div  class='dt-sc-callout-box type4 ' ><div class=\"column dt-sc-four-fifth first\"><h4>\u201ePerfektion nach Ma\u00df\u201c<\/h4>\n<p>zus\u00e4tzl. Augenbrauenkorrektur, Wirkstoffampulle-Essence, erw\u00e4rmende Maske mit Tiefenwirkung <\/p>\n<p>Der Teint wirkt vitalisiert, verj\u00fcngt, beinahe wie \u201egeliftet\u201c <\/p>\n<p>80 Min. 112 \u20ac<\/p><\/div><div class=\"column dt-sc-one-fifth\"><a href='http:\/\/www.my-orchidee.de\/de\/termin-kosmetik-studio-erding\/' class='dt-sc-button medium' target='_new'>Jetzt Termin vereinbaren!<\/a><\/div><\/div><div class='dt-sc-hr-invisible-small  '><\/div><div  class='dt-sc-callout-box type4 ' ><div class=\"column dt-sc-four-fifth first\"><h4>\u201eJungbrunnen\u201c<\/h4>\n<p>zus\u00e4tzl. Augenbrauenkorrektur, Wirkstoffampulle-Essence, Power Maske (Thalasso &#8211; Modellage)<\/p>\n<p>Die Haut wirkt durch intensive Feuchtigkeitszufuhr frisch und lebendig; die Aufnahmef\u00e4higkeit wird erh\u00f6ht<\/p>\n<p>60 Min. 98 \u20ac<\/p><\/div><div class=\"column dt-sc-one-fifth\"><a href='http:\/\/www.my-orchidee.de\/de\/termin-kosmetik-studio-erding\/' class='dt-sc-button medium' target='_new'>Jetzt Termin vereinbaren!<\/a><\/div><\/div><div class='dt-sc-hr-invisible-small  '><\/div><div  class='dt-sc-callout-box type4 ' ><div class=\"column dt-sc-four-fifth first\"><h4>\u201eFruchts\u00e4urebehandlung Anti-age\u201c<\/h4>\n<p>Unterschiedliche Hautver\u00e4nderungen werden mit Hilfe von Fruchts\u00e4uren auf nat\u00fcrliche   Weise verbessert. Abgestorbene Hautsch\u00fcppchen werden effektiv entfernt und regenerative Kr\u00e4fte werden in der Haut neu aktiviert. F\u00e4ltchen mindern sich, Narben und Verf\u00e4rbungen der Haut sind weniger sichtbar. Die Haut wird glatter, straffer und aufnahmef\u00e4higer.<\/p>\n<p>60 Min. 78 \u20ac<\/p>\n<p>Fruchts\u00e4urekur 4 x Behandlung incl. Kurprodukt f\u00fcr zu Hause w\u00e4hrend der Zeit (Die Kur empfiehlt sich besonders in dem Zeitraum zwischen Oktober bis April)<\/p>\n<p>299 \u20ac<\/p>\n<\/p><\/div><div class=\"column dt-sc-one-fifth\"><a href='http:\/\/www.my-orchidee.de\/de\/termin-kosmetik-studio-erding\/' class='dt-sc-button medium' target='_new'>Jetzt Termin vereinbaren!<\/a><\/div><\/div><div class='dt-sc-hr-invisible-small  '><\/div><div  class='dt-sc-callout-box type4 ' ><div class=\"column dt-sc-four-fifth first\"><h4>\u201ewedding beauty\u201c<\/h4>\n<p>zus\u00e4tzl. Augenbrauenkorrektur, ohne Ausreinigung, mit Wirkstoffampulle-Essence <\/p>\n<p>F\u00fcr eine wundersch\u00f6ne Ausstrahlung an einem unvergesslichen Tag<\/p>\n<p>40 Min. 78 \u20ac<\/p><\/div><div class=\"column dt-sc-one-fifth\"><a href='http:\/\/www.my-orchidee.de\/de\/termin-kosmetik-studio-erding\/' class='dt-sc-button medium' target='_new'>Jetzt Termin vereinbaren!<\/a><\/div><\/div><div class='dt-sc-hr-invisible-small  '><\/div><div  class='dt-sc-callout-box type4 ' ><div class=\"column dt-sc-four-fifth first\"><h4>\u201eDetox\u201c<\/h4>\n<p>Klare und feinporige Haut ist das Ergebnis.<\/p>\n<p>50 Min. 72 \u20ac<\/p><\/div><div class=\"column dt-sc-one-fifth\"><a href='http:\/\/www.my-orchidee.de\/de\/termin-kosmetik-studio-erding\/' class='dt-sc-button medium' target='_new'>Jetzt Termin vereinbaren!<\/a><\/div><\/div><div class='dt-sc-hr-invisible-small  '><\/div><\/div><div  class='column dt-sc-two-sixth  '><div class=\"procedures-wrapper\"><img decoding=\"async\" src=\"http:\/\/www.my-orchidee.de\/de\/wp-content\/uploads\/2016\/07\/Attachment-1-1.jpeg\" alt=\"\" title=\"\"><div class=\"procedures-detail\"><h3>Kosmetische Behandlungen<\/h3><ul class=\"dt-sc-fancy-list caret-right\"><li>Individuelle Behandlungsmethodik<\/li><li>Antiaging<\/li><li>Probleml\u00f6ser 'Problemhaut'<\/li><\/ul> <div class=\"hr-invisible-very-small \"> <\/div> <div class=\"clear\"> <\/div><h3><\/h3><div class=\"aligncenter\"><a href='https:\/\/www.my-orchidee.de\/de\/kontakt-und-terminvereinbarung\/' target='_blank'  class='dt-sc-button gradient large  ' >Jetzt Termin vereinbaren<\/a><\/div><\/div><\/div><div class=\"procedures-wrapper\"><img decoding=\"async\" src=\"\" alt=\"\" title=\"\"><div class=\"procedures-detail\"><h3>Permanent Make Up<\/h3><ul class=\"dt-sc-fancy-list caret-right\"><li>nat\u00fcrlich &amp; typgerecht<\/li><li>keine AZO-Farbstoffe &amp; aus reinen Mineralien<\/li><li>Allergiegetestet, ohne Tierversuche &amp; vegan<\/li><li>l\u00e4ngere Haltbarkeit<\/li><li>gleichm\u00e4\u00dfige Verblassung<\/li><\/ul> <div class=\"hr-invisible-very-small \"> <\/div> <div class=\"clear\"> <\/div><h3><\/h3><div class=\"aligncenter\"><a href='https:\/\/www.my-orchidee.de\/de\/kontakt-und-terminvereinbarung\/' target='_blank'  class='dt-sc-button gradient large  ' >Jetzt Termin vereinbaren<\/a><\/div><\/div><\/div><a href=\"https:\/\/www.my-orchidee.de\/de\/wp-content\/uploads\/2023\/02\/ramonafotografie_2022-09-22_LisaCronauer-2-scaled.jpg\"><img decoding=\"async\" src=\"https:\/\/www.my-orchidee.de\/de\/wp-content\/uploads\/2023\/02\/ramonafotografie_2022-09-22_LisaCronauer-2-scaled.jpg\" \nwidth=\"350\" height=\"520\" class=\"alignright size-full wp-image-6171\"><\/a><\/p><\/div>\n","protected":false},"excerpt":{"rendered":"","protected":false},"author":4,"featured_media":0,"parent":0,"menu_order":0,"comment_status":"closed","ping_status":"closed","template":"tpl-home.php","meta":{"footnotes":""},"class_list":["post-8358","page","type-page","status-publish","hentry"],"_links":{"self":[{"href":"https:\/\/www.my-orchidee.de\/de\/wp-json\/wp\/v2\/pages\/8358","targetHints":{"allow":["GET"]}}],"collection":[{"href":"https:\/\/www.my-orchidee.de\/de\/wp-json\/wp\/v2\/pages"}],"about":[{"href":"https:\/\/www.my-orchidee.de\/de\/wp-json\/wp\/v2\/types\/page"}],"author":[{"embeddable":true,"href":"https:\/\/www.my-orchidee.de\/de\/wp-json\/wp\/v2\/users\/4"}],"replies":[{"embeddable":true,"href":"https:\/\/www.my-orchidee.de\/de\/wp-json\/wp\/v2\/comments?post=8358"}],"version-history":[{"count":0,"href":"https:\/\/www.my-orchidee.de\/de\/wp-json\/wp\/v2\/pages\/8358\/revisions"}],"wp:attachment":[{"href":"https:\/\/www.my-orchidee.de\/de\/wp-json\/wp\/v2\/media?parent=8358"}],"curies":[{"name":"wp","href":"https:\/\/api.w.org\/{rel}","templated":true}]}}